{"id":1530,"date":"2023-07-14T15:12:07","date_gmt":"2023-07-14T15:12:07","guid":{"rendered":"https:\/\/gb22.eco.de\/data-centre-expert-group\/"},"modified":"2023-09-20T09:54:59","modified_gmt":"2023-09-20T09:54:59","slug":"data-centre-expert-group","status":"publish","type":"page","link":"https:\/\/gb22.eco.de\/en\/topics\/digital-infrastructures\/data-centre-expert-group\/","title":{"rendered":"Data Centre Expert Group"},"content":{"rendered":"\n<figure class=\"wp-block-image size-large is-resized\"><img loading=\"lazy\" decoding=\"async\" src=\"https:\/\/gb22.eco.de\/wp-content\/uploads\/sites\/8\/2023\/07\/\u200eBanner.\u200e007-1024x179.jpeg\" alt=\"\" class=\"wp-image-807\" style=\"width:1144px;height:200px\" width=\"1144\" height=\"200\" srcset=\"https:\/\/gb22.eco.de\/wp-content\/uploads\/sites\/8\/2023\/07\/\u200eBanner.\u200e007-1024x179.jpeg 1024w, https:\/\/gb22.eco.de\/wp-content\/uploads\/sites\/8\/2023\/07\/\u200eBanner.\u200e007-300x52.jpeg 300w, https:\/\/gb22.eco.de\/wp-content\/uploads\/sites\/8\/2023\/07\/\u200eBanner.\u200e007-768x134.jpeg 768w, https:\/\/gb22.eco.de\/wp-content\/uploads\/sites\/8\/2023\/07\/\u200eBanner.\u200e007.jpeg 1144w\" sizes=\"auto, (max-width: 1144px) 100vw, 1144px\" \/><\/figure>\n\n\n\n<h1 class=\"wp-block-heading\">Data Centre Expert Group<\/h1>\n\n\n\n<div class=\"wp-block-columns is-layout-flex wp-container-core-columns-is-layout-28f84493 wp-block-columns-is-layout-flex\">\n<div class=\"wp-block-column is-layout-flow wp-block-column-is-layout-flow\" style=\"flex-basis:66.66%\">\n<p>In 2022, experts from the Data Centre Expert Group were once again active in various Competence Group meetings, workshops and panel discussions. In addition to the numerous virtual meetings and rounds of exchange, more on-site meet-ups could take place as the Covid-19 pandemic started to subside, especially in the second half of the year. <\/p>\n\n\n\n<p>The first event that took place was the \u201cExpert Exchange on the Coalition Agreement\u201d on <strong>23 February<\/strong>. Almost 40 participants of the Competence Group exchanged views in a virtual meeting on current industry challenges arising from the coalition agreement of the newly appointed German federal government.  Moderated by Dr. B\u00e9la Waldhauser, Leader of the Competence Group, the following topics were on the agenda: Potentials of utilising data centre waste heat, use and coverage of \u201cgreen\u201d electricity, ways and means to achieve climate-neutral operation, use of environmental management systems in line with EMAS, the possibilities of environmental certifications, and questions in the field of recycling management.<\/p>\n<\/div>\n\n\n\n<div class=\"wp-block-column is-layout-flow wp-block-column-is-layout-flow\" style=\"flex-basis:33.33%\">\n<figure class=\"wp-block-image size-full\"><img loading=\"lazy\" decoding=\"async\" width=\"1000\" height=\"1000\" src=\"https:\/\/gb22.eco.de\/wp-content\/uploads\/sites\/8\/2023\/07\/DCEG22-1.jpg\" alt=\"\" class=\"wp-image-263\" srcset=\"https:\/\/gb22.eco.de\/wp-content\/uploads\/sites\/8\/2023\/07\/DCEG22-1.jpg 1000w, https:\/\/gb22.eco.de\/wp-content\/uploads\/sites\/8\/2023\/07\/DCEG22-1-300x300.jpg 300w, https:\/\/gb22.eco.de\/wp-content\/uploads\/sites\/8\/2023\/07\/DCEG22-1-150x150.jpg 150w, https:\/\/gb22.eco.de\/wp-content\/uploads\/sites\/8\/2023\/07\/DCEG22-1-768x768.jpg 768w\" sizes=\"auto, (max-width: 1000px) 100vw, 1000px\" \/><\/figure>\n<\/div>\n<\/div>\n\n\n\n<p>On <strong>26 April<\/strong>, another virtual Competence Group meeting took place under the leadership of Dr. B\u00e9la Waldhauser. The core topics of the expert exchange included: which certification requirements apply to sustainable data centre operations; which metrics enable a comprehensive and objective evaluation; and the comparability of different certifications and geographical regions.  In the course of three keynote speeches (Jens Gr\u00f6ger, \u00d6ko Institut; Joachim Astel, noris network AG; Marc Wilkens, T\u00dcViT) and the subsequent discussion among the Competence Group members, the topics were explained and discussed in great detail.<\/p>\n\n\n\n<div class=\"wp-block-columns is-layout-flex wp-container-core-columns-is-layout-28f84493 wp-block-columns-is-layout-flex\">\n<div class=\"wp-block-column is-layout-flow wp-block-column-is-layout-flow\" style=\"flex-basis:66.66%\">\n<p>On <strong>11 May<\/strong>, representatives of the Competence Group took part in two panel discussions at the Data Center World 2022. The English-language panel was entitled \u201cInnovative Data Center Design\u201d and featured Tor Kristian Gyland (Green Mountain), Wojciech Stramski (beyond.pl), Udo Guizetti (SpaceNet), Jan Moll (DTM Group) and Holger Nicolay (interxion). The second panel focused on the question of \u201cHow to deal with critical infrastructures?\u201d  The following experts participated in the panel: Thorsten Hennrich (plusserver), Heiko Schrader (Penta Infra), J\u00f6rgen Venot (DC Data Center Group) and Gebhard Kaufmann (Piller Power Systems). The panels were moderated by Roland Broch from the eco Association. <\/p>\n\n\n\n<p>On <strong>19 May,<\/strong> Competence Group partners presented their topics and formats to interested guests at the newly established eco Interaction Day, which took place at the eco Cologne office.<\/p>\n\n\n\n<p>On <strong>8 and 9 June <\/strong> , the first on-site Data Centre Expert Summit took place in Darmstadt, following on from its first virtual event in 2021. Detailed reporting can be found <a href=\"https:\/\/gb22.eco.de\/en\/events\/data-center-expert-summit\/\">here<\/a>.<\/p>\n<\/div>\n\n\n\n<div class=\"wp-block-column is-layout-flow wp-block-column-is-layout-flow\" style=\"flex-basis:33.33%\">\n<figure class=\"wp-block-image size-full\"><img loading=\"lazy\" decoding=\"async\" width=\"1000\" height=\"1000\" src=\"https:\/\/gb22.eco.de\/wp-content\/uploads\/sites\/8\/2023\/07\/DCEG22-2.jpg\" alt=\"\" class=\"wp-image-264\" srcset=\"https:\/\/gb22.eco.de\/wp-content\/uploads\/sites\/8\/2023\/07\/DCEG22-2.jpg 1000w, https:\/\/gb22.eco.de\/wp-content\/uploads\/sites\/8\/2023\/07\/DCEG22-2-300x300.jpg 300w, https:\/\/gb22.eco.de\/wp-content\/uploads\/sites\/8\/2023\/07\/DCEG22-2-150x150.jpg 150w, https:\/\/gb22.eco.de\/wp-content\/uploads\/sites\/8\/2023\/07\/DCEG22-2-768x768.jpg 768w\" sizes=\"auto, (max-width: 1000px) 100vw, 1000px\" \/><\/figure>\n<\/div>\n<\/div>\n\n\n\n<div class=\"wp-block-columns is-layout-flex wp-container-core-columns-is-layout-28f84493 wp-block-columns-is-layout-flex\">\n<div class=\"wp-block-column is-layout-flow wp-block-column-is-layout-flow\" style=\"flex-basis:66.66%\">\n<p>At the eco:\/\/awards on <strong>23 June<\/strong>, companies from the data centre industry were once again honoured with the coveted awards. The following companies were eligible in the Data Centre Infrastructure category: Bulk Infrastructure AS, Scaleway SAS, and Green Mountain.  The nominees in the Sustainable category were: Infinera GmbH, Lefdal Mine Datacenter, and Green Mountain. Dr. B\u00e9la Waldhauser, Leader of the Data Centre Competence Group and member of the jury, delivered the award in the Sustainability category. <\/p>\n\n\n\n<p>In September, the Data Centre Competence Group launched a member survey on the current electricity price policy. On <strong>10 October<\/strong>, the results were discussed in detail with Competence Group members in a virtual meeting. Small and medium-sized eco members from the data centre operations sector rated the current development in the electricity price market (as of Q3\/2022) as being critical to very critical. A number of the companies surveyed expressed concerns about the lack of transparency on the part of energy suppliers and politicians. The results of the survey were made available to the participants in a white paper.    <\/p>\n<\/div>\n\n\n\n<div class=\"wp-block-column is-layout-flow wp-block-column-is-layout-flow\" style=\"flex-basis:33.33%\">\n<figure class=\"wp-block-image size-full\"><img loading=\"lazy\" decoding=\"async\" width=\"1000\" height=\"1000\" src=\"https:\/\/gb22.eco.de\/wp-content\/uploads\/sites\/8\/2023\/07\/DCEG22-3.jpg\" alt=\"\" class=\"wp-image-265\" srcset=\"https:\/\/gb22.eco.de\/wp-content\/uploads\/sites\/8\/2023\/07\/DCEG22-3.jpg 1000w, https:\/\/gb22.eco.de\/wp-content\/uploads\/sites\/8\/2023\/07\/DCEG22-3-300x300.jpg 300w, https:\/\/gb22.eco.de\/wp-content\/uploads\/sites\/8\/2023\/07\/DCEG22-3-150x150.jpg 150w, https:\/\/gb22.eco.de\/wp-content\/uploads\/sites\/8\/2023\/07\/DCEG22-3-768x768.jpg 768w\" sizes=\"auto, (max-width: 1000px) 100vw, 1000px\" \/><\/figure>\n<\/div>\n<\/div>\n\n\n\n<p>On <strong>20 October<\/strong>, the Competence Group hosted a meeting at Bedburg Castle in the Rhine-Erft district. Using the example of the Rhineland lignite mining region and the ongoing structural change, almost 60 industry experts discussed the opportunities and challenges that arise when digital ecosystems are established. Following on from the presentations and the subsequent discussion, the participants had the opportunity to experience the use case on \u201cwaste heat utilisation in farming\u201d, which took place live on-site at a local farm.  <\/p>\n\n\n\n<p>In the course of the interview series \u201ceco Insights\u201d, two German-language video interviews were produced in October with CG Leader Dr. B\u00e9la Waldhauser and Bedrettin Altay, NOYA Group. The two experts spoke with Markus Schaffrin, eco Association, about the topic of sustainability in the data centre environment and which measures can be used to achieve sustainability effects. In doing so, they presented detailed insights and illuminated approaches to waste heat utilisation, as well as the possibilities of renewable energies for data centre operations.  <\/p>\n\n\n\n<p>Part 1: <a href=\"https:\/\/www.youtube.com\/watch?v=cVboJ6JJHXE\">Security of supply \u2013 important for data centre operation and planning<\/a><br>Part 2: <a href=\"https:\/\/www.youtube.com\/watch?v=WJ0rRVegIZg\">Sustainability in and around the data centre<\/a><\/p>\n\n\n\n<p>At the <strong>end of October<\/strong>, a joint <a href=\"https:\/\/international.eco.de\/download\/205154\/\">position paper<\/a> \u201cPerspectives for a Sustainable Data Centre Industry 2030\u201d was published alongside members of the Competence Group, the eco Alliance for the Strengthening of Digital Infrastructures in Germany and other associations.<\/p>\n\n\n\n<div class=\"wp-block-columns is-layout-flex wp-container-core-columns-is-layout-28f84493 wp-block-columns-is-layout-flex\">\n<div class=\"wp-block-column is-layout-flow wp-block-column-is-layout-flow\" style=\"flex-basis:66.66%\">\n<p>On <strong>17 November<\/strong>, the Data Centre Competence Group in cooperation with Deneff e.V. (German Corporate Initiative on Energy Efficiency) invited participants to the annual <a href=\"https:\/\/www.eco.de\/news\/kostbare-abwaerme-aus-rechenzentren-nutzen-roundtable-von-eco-und-deneff-zeigt-praxisbeispiele\/\">roundtab<\/a><a href=\"https:\/\/international.eco.de\/news\/utilisation-of-the-valuable-waste-heat-from-data-centres-roundtable-of-eco-and-deneff-shows-case-studies-in-practice\/\">le<\/a> on \u201cEnergy Efficiency and Data Centres\u201d. The agenda included multiple examples of the various ways in which waste heat from data centres can already be efficiently utilised. As a climate-friendly energy source, waste heat is a sustainable option for decarbonising heating networks, for heating buildings, and also for some industrial processes. <\/p>\n\n\n\n<p>On <strong>18 November,<\/strong> in the framework of the newly founded <a href=\"https:\/\/www.netzwerk-infrastruktur.com\/\">Rhine-Main Infrastructure Network<\/a>, experts from eco and the Competence Group took part in a kick-off event at the \u201cIndustriepark H\u00f6chst\u201d. The aim of the new network is to promote the expansion of infrastructure, especially energy infrastructure, in order to secure the future of the Rhine-Main region. Alongside eco, other local energy and Internet operators are involved in this network: Amprion, DB Netze, Fraport, Infraserv H\u00f6chst, Syna and Tennet. <\/p>\n<\/div>\n\n\n\n<div class=\"wp-block-column is-layout-flow wp-block-column-is-layout-flow\" style=\"flex-basis:33.33%\">\n<figure class=\"wp-block-image size-full\"><img loading=\"lazy\" decoding=\"async\" width=\"1000\" height=\"1000\" src=\"https:\/\/gb22.eco.de\/wp-content\/uploads\/sites\/8\/2023\/07\/DCEG22-4.jpg\" alt=\"\" class=\"wp-image-266\" srcset=\"https:\/\/gb22.eco.de\/wp-content\/uploads\/sites\/8\/2023\/07\/DCEG22-4.jpg 1000w, https:\/\/gb22.eco.de\/wp-content\/uploads\/sites\/8\/2023\/07\/DCEG22-4-300x300.jpg 300w, https:\/\/gb22.eco.de\/wp-content\/uploads\/sites\/8\/2023\/07\/DCEG22-4-150x150.jpg 150w, https:\/\/gb22.eco.de\/wp-content\/uploads\/sites\/8\/2023\/07\/DCEG22-4-768x768.jpg 768w\" sizes=\"auto, (max-width: 1000px) 100vw, 1000px\" \/><\/figure>\n<\/div>\n<\/div>\n\n\n\n<p>The two eco Competence Groups IoT and Data Centre issued an invitation to a joint meeting in L\u00fcdenscheid, which took place on <strong>30 November<\/strong>. Under the motto \u201c<a href=\"https:\/\/international.eco.de\/news\/data-centres-as-an-integrative-element-of-sustainable-smart-citybuilding-solutions\/\">Data Centres as an Integrative Element of Sustainable Smart City and Smart Building Solutions<\/a>\u201d, 30 industry experts from both Competence Groups discussed various aspects of data centre operation and smart city development.  The host ABB offered the participants an exclusive insight into the smart factory of its subsidiary Busch-Jaeger.<\/p>\n\n\n\n<p>On <strong>8 December,<\/strong> some 30 experts from the Competence Group, led by Dr. B\u00e9la Waldhauser, exchanged views with the project leaders of the PeerDC project (Public Energy Efficiency Register of Data Centres) on the status of the data registration form for the future recording of energy efficiency data. In the course of the year, Competence Group members had been informed about the development of the project at several joint group meetings (8 February, 1 July, 26 October and 5 December). <\/p>\n\n\n\n<p>On <strong>9 December<\/strong>, the Competence Group continued the dialogue that it had started in October on electricity price development. The participants in the virtual exchange gained the opportunity to learn about current developments on the electricity market, the upcoming amendment to the Energy Efficiency Act, and the status of discussions on the electricity price brake. Other points of discussion included: options for increasing energy efficiency in the data centre, alternatives for in-house electricity production, business expectations for 2023, and communication from the energy suppliers.   <\/p>\n","protected":false},"excerpt":{"rendered":"<p>Data Centre Expert Group In 2022, experts from the Data Centre Expert Group were once again active in various Competence Group meetings, workshops and panel discussions. In addition to the numerous virtual meetings and rounds of exchange, more on-site meet-ups could take place as the Covid-19 pandemic started to subside,&#8230;<a class=\"eco-loop-button\" href=\"https:\/\/gb22.eco.de\/en\/topics\/digital-infrastructures\/data-centre-expert-group\/\">Read More<\/a><\/p>\n","protected":false},"author":20,"featured_media":0,"parent":1539,"menu_order":2,"comment_status":"closed","ping_status":"closed","template":"","meta":{"inline_featured_image":false,"footnotes":""},"class_list":["post-1530","page","type-page","status-publish","hentry"],"yoast_head":"<!-- This site is optimized with the Yoast SEO plugin v21.7 - https:\/\/yoast.com\/wordpress\/plugins\/seo\/ -->\n<title>Data Centre Expert Group - eco Gesch\u00e4ftsbericht 2022<\/title>\n<meta name=\"robots\" content=\"index, follow, max-snippet:-1, max-image-preview:large, max-video-preview:-1\" \/>\n<link rel=\"canonical\" href=\"https:\/\/gb22.eco.de\/en\/topics\/digital-infrastructures\/data-centre-expert-group\/\" \/>\n<meta property=\"og:locale\" content=\"en_US\" \/>\n<meta property=\"og:type\" content=\"article\" \/>\n<meta property=\"og:title\" content=\"Data Centre Expert Group - eco Gesch\u00e4ftsbericht 2022\" \/>\n<meta property=\"og:description\" content=\"Data Centre Expert Group In 2022, experts from the Data Centre Expert Group were once again active in various Competence Group meetings, workshops and panel discussions. In addition to the numerous virtual meetings and rounds of exchange, more on-site meet-ups could take place as the Covid-19 pandemic started to subside,...Read More\" \/>\n<meta property=\"og:url\" content=\"https:\/\/gb22.eco.de\/en\/topics\/digital-infrastructures\/data-centre-expert-group\/\" \/>\n<meta property=\"og:site_name\" content=\"eco Gesch\u00e4ftsbericht 2022\" \/>\n<meta property=\"article:modified_time\" content=\"2023-09-20T09:54:59+00:00\" \/>\n<meta property=\"og:image\" content=\"https:\/\/gb22.eco.de\/wp-content\/uploads\/sites\/8\/2023\/07\/DCEG22-1.jpg\" \/>\n<meta name=\"twitter:card\" content=\"summary_large_image\" \/>\n<meta name=\"twitter:label1\" content=\"Est. reading time\" \/>\n\t<meta name=\"twitter:data1\" content=\"8 minutes\" \/>\n<script type=\"application\/ld+json\" class=\"yoast-schema-graph\">{\"@context\":\"https:\/\/schema.org\",\"@graph\":[{\"@type\":\"WebPage\",\"@id\":\"https:\/\/gb22.eco.de\/en\/topics\/digital-infrastructures\/data-centre-expert-group\/\",\"url\":\"https:\/\/gb22.eco.de\/en\/topics\/digital-infrastructures\/data-centre-expert-group\/\",\"name\":\"Data Centre Expert Group - eco Gesch\u00e4ftsbericht 2022\",\"isPartOf\":{\"@id\":\"https:\/\/gb22.eco.de\/#website\"},\"datePublished\":\"2023-07-14T15:12:07+00:00\",\"dateModified\":\"2023-09-20T09:54:59+00:00\",\"breadcrumb\":{\"@id\":\"https:\/\/gb22.eco.de\/en\/topics\/digital-infrastructures\/data-centre-expert-group\/#breadcrumb\"},\"inLanguage\":\"en-US\",\"potentialAction\":[{\"@type\":\"ReadAction\",\"target\":[\"https:\/\/gb22.eco.de\/en\/topics\/digital-infrastructures\/data-centre-expert-group\/\"]}]},{\"@type\":\"BreadcrumbList\",\"@id\":\"https:\/\/gb22.eco.de\/en\/topics\/digital-infrastructures\/data-centre-expert-group\/#breadcrumb\",\"itemListElement\":[{\"@type\":\"ListItem\",\"position\":1,\"name\":\"Home\",\"item\":\"https:\/\/gb22.eco.de\/en\/\"},{\"@type\":\"ListItem\",\"position\":2,\"name\":\"Topics\",\"item\":\"https:\/\/gb22.eco.de\/en\/topics\/\"},{\"@type\":\"ListItem\",\"position\":3,\"name\":\"Digital Infrastructures\",\"item\":\"https:\/\/gb22.eco.de\/en\/digital-infrastructures\/\"},{\"@type\":\"ListItem\",\"position\":4,\"name\":\"Data Centre Expert Group\"}]},{\"@type\":\"WebSite\",\"@id\":\"https:\/\/gb22.eco.de\/#website\",\"url\":\"https:\/\/gb22.eco.de\/\",\"name\":\"eco Gesch\u00e4ftsbericht 2022\",\"description\":\"Gesch\u00e4ftsbericht 2022\",\"publisher\":{\"@id\":\"https:\/\/gb22.eco.de\/#organization\"},\"potentialAction\":[{\"@type\":\"SearchAction\",\"target\":{\"@type\":\"EntryPoint\",\"urlTemplate\":\"https:\/\/gb22.eco.de\/?s={search_term_string}\"},\"query-input\":\"required name=search_term_string\"}],\"inLanguage\":\"en-US\"},{\"@type\":\"Organization\",\"@id\":\"https:\/\/gb22.eco.de\/#organization\",\"name\":\"eco Gesch\u00e4ftsbericht 2022\",\"url\":\"https:\/\/gb22.eco.de\/\",\"logo\":{\"@type\":\"ImageObject\",\"inLanguage\":\"en-US\",\"@id\":\"https:\/\/gb22.eco.de\/#\/schema\/logo\/image\/\",\"url\":\"https:\/\/gb22.eco.de\/wp-content\/uploads\/sites\/8\/2023\/07\/Logo_GB2022.svg\",\"contentUrl\":\"https:\/\/gb22.eco.de\/wp-content\/uploads\/sites\/8\/2023\/07\/Logo_GB2022.svg\",\"caption\":\"eco Gesch\u00e4ftsbericht 2022\"},\"image\":{\"@id\":\"https:\/\/gb22.eco.de\/#\/schema\/logo\/image\/\"}}]}<\/script>\n<!-- \/ Yoast SEO plugin. -->","yoast_head_json":{"title":"Data Centre Expert Group - eco Gesch\u00e4ftsbericht 2022","robots":{"index":"index","follow":"follow","max-snippet":"max-snippet:-1","max-image-preview":"max-image-preview:large","max-video-preview":"max-video-preview:-1"},"canonical":"https:\/\/gb22.eco.de\/en\/topics\/digital-infrastructures\/data-centre-expert-group\/","og_locale":"en_US","og_type":"article","og_title":"Data Centre Expert Group - eco Gesch\u00e4ftsbericht 2022","og_description":"Data Centre Expert Group In 2022, experts from the Data Centre Expert Group were once again active in various Competence Group meetings, workshops and panel discussions. In addition to the numerous virtual meetings and rounds of exchange, more on-site meet-ups could take place as the Covid-19 pandemic started to subside,...Read More","og_url":"https:\/\/gb22.eco.de\/en\/topics\/digital-infrastructures\/data-centre-expert-group\/","og_site_name":"eco Gesch\u00e4ftsbericht 2022","article_modified_time":"2023-09-20T09:54:59+00:00","og_image":[{"url":"https:\/\/gb22.eco.de\/wp-content\/uploads\/sites\/8\/2023\/07\/DCEG22-1.jpg"}],"twitter_card":"summary_large_image","twitter_misc":{"Est. reading time":"8 minutes"},"schema":{"@context":"https:\/\/schema.org","@graph":[{"@type":"WebPage","@id":"https:\/\/gb22.eco.de\/en\/topics\/digital-infrastructures\/data-centre-expert-group\/","url":"https:\/\/gb22.eco.de\/en\/topics\/digital-infrastructures\/data-centre-expert-group\/","name":"Data Centre Expert Group - eco Gesch\u00e4ftsbericht 2022","isPartOf":{"@id":"https:\/\/gb22.eco.de\/#website"},"datePublished":"2023-07-14T15:12:07+00:00","dateModified":"2023-09-20T09:54:59+00:00","breadcrumb":{"@id":"https:\/\/gb22.eco.de\/en\/topics\/digital-infrastructures\/data-centre-expert-group\/#breadcrumb"},"inLanguage":"en-US","potentialAction":[{"@type":"ReadAction","target":["https:\/\/gb22.eco.de\/en\/topics\/digital-infrastructures\/data-centre-expert-group\/"]}]},{"@type":"BreadcrumbList","@id":"https:\/\/gb22.eco.de\/en\/topics\/digital-infrastructures\/data-centre-expert-group\/#breadcrumb","itemListElement":[{"@type":"ListItem","position":1,"name":"Home","item":"https:\/\/gb22.eco.de\/en\/"},{"@type":"ListItem","position":2,"name":"Topics","item":"https:\/\/gb22.eco.de\/en\/topics\/"},{"@type":"ListItem","position":3,"name":"Digital Infrastructures","item":"https:\/\/gb22.eco.de\/en\/digital-infrastructures\/"},{"@type":"ListItem","position":4,"name":"Data Centre Expert Group"}]},{"@type":"WebSite","@id":"https:\/\/gb22.eco.de\/#website","url":"https:\/\/gb22.eco.de\/","name":"eco Gesch\u00e4ftsbericht 2022","description":"Gesch\u00e4ftsbericht 2022","publisher":{"@id":"https:\/\/gb22.eco.de\/#organization"},"potentialAction":[{"@type":"SearchAction","target":{"@type":"EntryPoint","urlTemplate":"https:\/\/gb22.eco.de\/?s={search_term_string}"},"query-input":"required name=search_term_string"}],"inLanguage":"en-US"},{"@type":"Organization","@id":"https:\/\/gb22.eco.de\/#organization","name":"eco Gesch\u00e4ftsbericht 2022","url":"https:\/\/gb22.eco.de\/","logo":{"@type":"ImageObject","inLanguage":"en-US","@id":"https:\/\/gb22.eco.de\/#\/schema\/logo\/image\/","url":"https:\/\/gb22.eco.de\/wp-content\/uploads\/sites\/8\/2023\/07\/Logo_GB2022.svg","contentUrl":"https:\/\/gb22.eco.de\/wp-content\/uploads\/sites\/8\/2023\/07\/Logo_GB2022.svg","caption":"eco Gesch\u00e4ftsbericht 2022"},"image":{"@id":"https:\/\/gb22.eco.de\/#\/schema\/logo\/image\/"}}]}},"_links":{"self":[{"href":"https:\/\/gb22.eco.de\/en\/wp-json\/wp\/v2\/pages\/1530","targetHints":{"allow":["GET"]}}],"collection":[{"href":"https:\/\/gb22.eco.de\/en\/wp-json\/wp\/v2\/pages"}],"about":[{"href":"https:\/\/gb22.eco.de\/en\/wp-json\/wp\/v2\/types\/page"}],"author":[{"embeddable":true,"href":"https:\/\/gb22.eco.de\/en\/wp-json\/wp\/v2\/users\/20"}],"replies":[{"embeddable":true,"href":"https:\/\/gb22.eco.de\/en\/wp-json\/wp\/v2\/comments?post=1530"}],"version-history":[{"count":2,"href":"https:\/\/gb22.eco.de\/en\/wp-json\/wp\/v2\/pages\/1530\/revisions"}],"predecessor-version":[{"id":1878,"href":"https:\/\/gb22.eco.de\/en\/wp-json\/wp\/v2\/pages\/1530\/revisions\/1878"}],"up":[{"embeddable":true,"href":"https:\/\/gb22.eco.de\/en\/wp-json\/wp\/v2\/pages\/1539"}],"wp:attachment":[{"href":"https:\/\/gb22.eco.de\/en\/wp-json\/wp\/v2\/media?parent=1530"}],"curies":[{"name":"wp","href":"https:\/\/api.w.org\/{rel}","templated":true}]}}